{"id":999,"date":"2024-02-27T15:32:47","date_gmt":"2024-02-27T15:32:47","guid":{"rendered":"https:\/\/lusocarpi.com\/?page_id=999"},"modified":"2024-02-28T11:32:27","modified_gmt":"2024-02-28T11:32:27","slug":"politica-de-qualidade","status":"publish","type":"page","link":"https:\/\/lusocarpi.com\/index.php\/politica-de-qualidade\/","title":{"rendered":"Politica de Qualidade"},"content":{"rendered":"\n<div class=\"wp-block-group alignfull is-layout-constrained wp-block-group-is-layout-constrained\">\n<div class=\"wp-block-group alignfull has-white-color has-intrace-primary-background-color has-text-color has-background has-link-color wp-elements-eb5fc7ec63911aa5c793f902b740b9d0 is-content-justification-space-between is-layout-flex wp-container-core-group-is-layout-0ea8529f wp-block-group-is-layout-flex\" style=\"min-height:0px;margin-top:0;margin-bottom:0;padding-top:3.5em;padding-right:8em;padding-bottom:3.5em;padding-left:8em\">\n<div class=\"wp-block-group is-layout-flex wp-block-group-is-layout-flex\"><div class=\"wp-block-site-logo wp-container-content-9cfa9a5a\"><a href=\"https:\/\/lusocarpi.com\/\" class=\"custom-logo-link\" rel=\"home\"><img decoding=\"async\" width=\"155\" height=\"46\" src=\"https:\/\/lusocarpi.com\/wp-content\/uploads\/2023\/11\/lusocarpi-1.png\" class=\"custom-logo\" alt=\"Lusocarpi &#8211; Carpintaria\" srcset=\"https:\/\/lusocarpi.com\/wp-content\/uploads\/2023\/11\/lusocarpi-1.png 2004w, https:\/\/lusocarpi.com\/wp-content\/uploads\/2023\/11\/lusocarpi-1-300x91.png 300w, https:\/\/lusocarpi.com\/wp-content\/uploads\/2023\/11\/lusocarpi-1-1024x310.png 1024w, https:\/\/lusocarpi.com\/wp-content\/uploads\/2023\/11\/lusocarpi-1-768x232.png 768w, https:\/\/lusocarpi.com\/wp-content\/uploads\/2023\/11\/lusocarpi-1-1536x464.png 1536w\" sizes=\"(max-width: 155px) 100vw, 155px\" \/><\/a><\/div><\/div>\n\n\n<nav style=\"font-size:15px;letter-spacing:0px;\" class=\"is-responsive items-justified-center wp-block-navigation wp-container-content-432d1f4f is-content-justification-center is-layout-flex wp-container-core-navigation-is-layout-dfc500a2 wp-block-navigation-is-layout-flex\" aria-label=\"Navega\u00e7\u00e3o de Cabe\u00e7alho\" \n\t\t data-wp-interactive=\"core\/navigation\" data-wp-context='{\"overlayOpenedBy\":{\"click\":false,\"hover\":false,\"focus\":false},\"type\":\"overlay\",\"roleAttribute\":\"\",\"ariaLabel\":\"Menu\"}'><button aria-haspopup=\"dialog\" aria-label=\"Abrir menu\" class=\"wp-block-navigation__responsive-container-open\" \n\t\t\t\tdata-wp-on-async--click=\"actions.openMenuOnClick\"\n\t\t\t\tdata-wp-on--keydown=\"actions.handleMenuKeydown\"\n\t\t\t><svg width=\"24\" height=\"24\" xmlns=\"http:\/\/www.w3.org\/2000\/svg\" viewBox=\"0 0 24 24\" aria-hidden=\"true\" focusable=\"false\"><rect x=\"4\" y=\"7.5\" width=\"16\" height=\"1.5\" \/><rect x=\"4\" y=\"15\" width=\"16\" height=\"1.5\" \/><\/svg><\/button>\n\t\t\t\t<div class=\"wp-block-navigation__responsive-container\"  id=\"modal-1\" \n\t\t\t\tdata-wp-class--has-modal-open=\"state.isMenuOpen\"\n\t\t\t\tdata-wp-class--is-menu-open=\"state.isMenuOpen\"\n\t\t\t\tdata-wp-watch=\"callbacks.initMenu\"\n\t\t\t\tdata-wp-on--keydown=\"actions.handleMenuKeydown\"\n\t\t\t\tdata-wp-on-async--focusout=\"actions.handleMenuFocusout\"\n\t\t\t\ttabindex=\"-1\"\n\t\t\t>\n\t\t\t\t\t<div class=\"wp-block-navigation__responsive-close\" tabindex=\"-1\">\n\t\t\t\t\t\t<div class=\"wp-block-navigation__responsive-dialog\" \n\t\t\t\tdata-wp-bind--aria-modal=\"state.ariaModal\"\n\t\t\t\tdata-wp-bind--aria-label=\"state.ariaLabel\"\n\t\t\t\tdata-wp-bind--role=\"state.roleAttribute\"\n\t\t\t>\n\t\t\t\t\t\t\t<button aria-label=\"Fechar menu\" class=\"wp-block-navigation__responsive-container-close\" \n\t\t\t\tdata-wp-on-async--click=\"actions.closeMenuOnClick\"\n\t\t\t><svg xmlns=\"http:\/\/www.w3.org\/2000\/svg\" viewBox=\"0 0 24 24\" width=\"24\" height=\"24\" aria-hidden=\"true\" focusable=\"false\"><path d=\"m13.06 12 6.47-6.47-1.06-1.06L12 10.94 5.53 4.47 4.47 5.53 10.94 12l-6.47 6.47 1.06 1.06L12 13.06l6.47 6.47 1.06-1.06L13.06 12Z\"><\/path><\/svg><\/button>\n\t\t\t\t\t\t\t<div class=\"wp-block-navigation__responsive-container-content\" \n\t\t\t\tdata-wp-watch=\"callbacks.focusFirstElement\"\n\t\t\t id=\"modal-1-content\">\n\t\t\t\t\t\t\t\t<ul style=\"font-size:15px;letter-spacing:0px;\" class=\"wp-block-navigation__container is-responsive items-justified-center wp-block-navigation\"><li style=\"font-size: 15px; font-size:15px;\" class=\" wp-block-navigation-item wp-block-navigation-link has-primary-font-family\"><a class=\"wp-block-navigation-item__content\"  href=\"https:\/\/lusocarpi.com\/index.php\/quem-somos\/\" rel=\"quem-somos\"><span class=\"wp-block-navigation-item__label\">QUEM SOMOS<\/span><\/a><\/li><li style=\"font-size: 15px; font-size:15px;\" class=\" wp-block-navigation-item wp-block-navigation-link has-primary-font-family\"><a class=\"wp-block-navigation-item__content\"  href=\"https:\/\/lusocarpi.com\/index.php\/servicos\/\" rel=\"quem-somos\"><span class=\"wp-block-navigation-item__label\">SERVI\u00c7OS<\/span><\/a><\/li><li style=\"font-size: 15px; font-size:15px;\" class=\" wp-block-navigation-item wp-block-navigation-link has-primary-font-family\"><a class=\"wp-block-navigation-item__content\"  href=\"https:\/\/lusocarpi.com\/index.php\/projetos\/\" rel=\"quem-somos\"><span class=\"wp-block-navigation-item__label\">PROJETOS<\/span><\/a><\/li><li style=\"font-size: 15px; font-size:15px;\" class=\" wp-block-navigation-item wp-block-navigation-link has-primary-font-family\"><a class=\"wp-block-navigation-item__content\"  href=\"https:\/\/lusocarpi.com\/index.php\/contactos\/\" rel=\"quem-somos\"><span class=\"wp-block-navigation-item__label\">CONTACTOS<\/span><\/a><\/li><\/ul>\n\t\t\t\t\t\t\t<\/div>\n\t\t\t\t\t\t<\/div>\n\t\t\t\t\t<\/div>\n\t\t\t\t<\/div><\/nav><\/div>\n<\/div>\n\n\n\n<div class=\"wp-block-cover\" style=\"margin-top:0;margin-bottom:0;padding-top:0px;padding-right:0px;padding-bottom:0px;padding-left:0px;min-height:225px;aspect-ratio:unset;\"><span aria-hidden=\"true\" class=\"wp-block-cover__background has-background-dim-80 has-background-dim\" style=\"background-color:#181818\"><\/span><img fetchpriority=\"high\" decoding=\"async\" width=\"2048\" height=\"1367\" class=\"wp-block-cover__image-background wp-image-1026\" alt=\"\" src=\"https:\/\/lusocarpi.com\/wp-content\/uploads\/2024\/02\/istockphoto-1495953153-2048x2048-1.jpg\" style=\"object-position:56% 36%\" data-object-fit=\"cover\" data-object-position=\"56% 36%\"\/><div class=\"wp-block-cover__inner-container is-layout-flow wp-container-core-cover-is-layout-f909ad4a wp-block-cover-is-layout-flow\">\n<p class=\"has-text-align-center has-large-font-size\"><\/p>\n<\/div><\/div>\n\n\n\n<div class=\"wp-block-group is-layout-constrained wp-container-core-group-is-layout-9f8046a8 wp-block-group-is-layout-constrained\" style=\"margin-top:5.1rem;margin-bottom:5.1rem;padding-bottom:0px\">\n<div class=\"wp-block-columns is-layout-flex wp-container-core-columns-is-layout-28f84493 wp-block-columns-is-layout-flex\">\n<div class=\"wp-block-column is-layout-flow wp-block-column-is-layout-flow\" style=\"padding-right:0;padding-left:0\">\n<h2 class=\"wp-block-heading intrace-animate intrace-move-right intrace-delay-3 has-intrace-primary-color has-text-color has-primary-font-family\" style=\"margin-right:0;margin-left:0;padding-top:0;padding-right:0;padding-bottom:0;padding-left:0;font-size:25px;font-style:normal;font-weight:600;letter-spacing:1px;line-height:1;text-transform:uppercase\">Pol\u00edtica de quALIDADE<\/h2>\n\n\n\n<div class=\"wp-block-columns intrace-animate intrace-move-right intrace-delay-5 has-intrace-primary-color has-text-color has-primary-font-family is-layout-flex wp-container-core-columns-is-layout-308884d2 wp-block-columns-is-layout-flex\" style=\"margin-top:0px;margin-right:0;margin-bottom:0px;margin-left:0;padding-top:0px;padding-right:0;padding-bottom:0;padding-left:0;font-size:16px;font-style:normal;font-weight:400;line-height:1.8\">\n<div class=\"wp-block-column is-vertically-aligned-center is-layout-flow wp-container-core-column-is-layout-1f213a1e wp-block-column-is-layout-flow\" style=\"padding-right:0;padding-left:0;flex-basis:100%\">\n<p style=\"padding-top:var(--wp--preset--spacing--50);padding-right:0;padding-left:0\">Na Lusocarpi, estamos comprometidos com a excel\u00eancia em todos os aspectos do nosso neg\u00f3cio. A nossa Pol\u00edtica de Qualidade \u00e9 a base que sustenta a nossa miss\u00e3o de fornecer produtos e servi\u00e7os que superam as expectativas dos nossos clientes, promovendo a sua satisfa\u00e7\u00e3o e confian\u00e7a.<\/p>\n\n\n\n<p style=\"padding-top:var(--wp--preset--spacing--30);padding-right:0;padding-left:0\"><strong>Compromisso com a Qualidade<\/strong><\/p>\n\n\n\n<p style=\"padding-right:0;padding-left:0\">Na Lusocarpi, a qualidade n\u00e3o \u00e9 apenas um objetivo; \u00e9 a nossa cultura. Estamos empenhados em fornecer produtos que atendam ou superem os padr\u00f5es mais exigentes da ind\u00fastria. Os nossos processos s\u00e3o constantemente monitorizados e aprimorados para garantir que cada produto que sai das nossas instala\u00e7\u00f5es seja uma express\u00e3o tang\u00edvel da nossa dedica\u00e7\u00e3o \u00e0 qualidade.<\/p>\n\n\n\n<p style=\"padding-top:var(--wp--preset--spacing--30);padding-right:0;padding-left:0\"><strong>Satisfa\u00e7\u00e3o do Cliente<\/strong><\/p>\n\n\n\n<p style=\"padding-right:0;padding-left:0\">Entendemos que a satisfa\u00e7\u00e3o do cliente \u00e9 o pilar do nosso sucesso. Trabalhamos incansavelmente para compreender as necessidades e expectativas dos nossos clientes, visando superar suas expectativas em todos os aspectos. Estamos comprometidos em estabelecer parcerias duradouras, baseadas na confian\u00e7a e no respeito m\u00fatuo.<\/p>\n\n\n\n<p style=\"padding-top:var(--wp--preset--spacing--30);padding-right:0;padding-left:0\"><strong>Melhoria Cont\u00ednua<\/strong><\/p>\n\n\n\n<p style=\"padding-right:0;padding-left:0\">Acreditamos que a busca pela excel\u00eancia nunca termina. Estamos constantemente a avaliar e a aprimorar nossos processos, incorporando as melhores pr\u00e1ticas da ind\u00fastria e investindo em tecnologias inovadoras. Encorajamos todos os membros da nossa equipa a contribu\u00edrem com ideias e iniciativas para melhorar continuamente os nossos produtos e servi\u00e7os.<\/p>\n\n\n\n<p style=\"padding-top:var(--wp--preset--spacing--30);padding-right:0;padding-left:0\"><strong>Responsabilidade Ambiental e Social<\/strong> <\/p>\n\n\n\n<p style=\"padding-right:0;padding-left:0\">Reconhecemos a import\u00e2ncia de sermos bons cidad\u00e3os corporativos. Na Lusocarpi, estamos comprometidos com pr\u00e1ticas sustent\u00e1veis e respons\u00e1veis, minimizando nosso impacto ambiental e contribuindo positivamente para as comunidades em que operamos.<\/p>\n\n\n\n<p style=\"padding-top:var(--wp--preset--spacing--30);padding-right:0;padding-left:0\"><strong>Forma\u00e7\u00e3o e Desenvolvimento da Equipa<\/strong><\/p>\n\n\n\n<p style=\"padding-right:0;padding-left:0\">Entendemos que a qualidade dos nossos produtos est\u00e1 diretamente relacionada com a qualidade da nossa equipa. Investimos no desenvolvimento profissional cont\u00ednuo dos nossos colaboradores, proporcionando forma\u00e7\u00e3o e oportunidades de crescimento, para assegurar que cada membro da equipa esteja capacitado para desempenhar o seu papel com excel\u00eancia.<\/p>\n<\/div>\n<\/div>\n<\/div>\n<\/div>\n<\/div>\n","protected":false},"excerpt":{"rendered":"<p>Pol\u00edtica de quALIDADE Na Lusocarpi, estamos comprometidos com a excel\u00eancia em todos os aspectos do nosso neg\u00f3cio. A nossa Pol\u00edtica de Qualidade \u00e9 a base que sustenta a nossa miss\u00e3o de fornecer produtos e servi\u00e7os que superam as expectativas dos nossos clientes, promovendo a sua satisfa\u00e7\u00e3o e confian\u00e7a. Compromisso com a Qualidade Na Lusocarpi, a qualidade n\u00e3o \u00e9 apenas um objetivo; \u00e9 a nossa cultura. Estamos empenhados em fornecer produtos que atendam ou superem os padr\u00f5es mais exigentes da ind\u00fastria. Os nossos processos s\u00e3o constantemente monitorizados e aprimorados para garantir que cada produto que sai das nossas instala\u00e7\u00f5es seja uma<\/p>\n","protected":false},"author":1,"featured_media":0,"parent":0,"menu_order":0,"comment_status":"closed","ping_status":"closed","template":"","meta":{"_uag_custom_page_level_css":"","footnotes":""},"class_list":["post-999","page","type-page","status-publish","hentry"],"yoast_head":"<!-- This site is optimized with the Yoast SEO plugin v22.3 - https:\/\/yoast.com\/wordpress\/plugins\/seo\/ -->\n<title>Politica de Qualidade - Lusocarpi - Carpintaria<\/title>\n<meta name=\"robots\" content=\"index, follow, max-snippet:-1, max-image-preview:large, max-video-preview:-1\" \/>\n<link rel=\"canonical\" href=\"https:\/\/lusocarpi.com\/index.php\/politica-de-qualidade\/\" \/>\n<meta property=\"og:locale\" content=\"pt_PT\" \/>\n<meta property=\"og:type\" content=\"article\" \/>\n<meta property=\"og:title\" content=\"Politica de Qualidade - Lusocarpi - Carpintaria\" \/>\n<meta property=\"og:description\" content=\"Pol\u00edtica de quALIDADE Na Lusocarpi, estamos comprometidos com a excel\u00eancia em todos os aspectos do nosso neg\u00f3cio. A nossa Pol\u00edtica de Qualidade \u00e9 a base que sustenta a nossa miss\u00e3o de fornecer produtos e servi\u00e7os que superam as expectativas dos nossos clientes, promovendo a sua satisfa\u00e7\u00e3o e confian\u00e7a. Compromisso com a Qualidade Na Lusocarpi, a qualidade n\u00e3o \u00e9 apenas um objetivo; \u00e9 a nossa cultura. Estamos empenhados em fornecer produtos que atendam ou superem os padr\u00f5es mais exigentes da ind\u00fastria. Os nossos processos s\u00e3o constantemente monitorizados e aprimorados para garantir que cada produto que sai das nossas instala\u00e7\u00f5es seja uma\" \/>\n<meta property=\"og:url\" content=\"https:\/\/lusocarpi.com\/index.php\/politica-de-qualidade\/\" \/>\n<meta property=\"og:site_name\" content=\"Lusocarpi - Carpintaria\" \/>\n<meta property=\"article:modified_time\" content=\"2024-02-28T11:32:27+00:00\" \/>\n<meta property=\"og:image\" content=\"https:\/\/lusocarpi.com\/wp-content\/uploads\/2024\/02\/istockphoto-1495953153-2048x2048-1.jpg\" \/>\n<meta name=\"twitter:card\" content=\"summary_large_image\" \/>\n<meta name=\"twitter:label1\" content=\"Tempo estimado de leitura\" \/>\n\t<meta name=\"twitter:data1\" content=\"2 minutos\" \/>\n<script type=\"application\/ld+json\" class=\"yoast-schema-graph\">{\"@context\":\"https:\/\/schema.org\",\"@graph\":[{\"@type\":\"WebPage\",\"@id\":\"https:\/\/lusocarpi.com\/index.php\/politica-de-qualidade\/\",\"url\":\"https:\/\/lusocarpi.com\/index.php\/politica-de-qualidade\/\",\"name\":\"Politica de Qualidade - Lusocarpi - Carpintaria\",\"isPartOf\":{\"@id\":\"https:\/\/lusocarpi.com\/#website\"},\"primaryImageOfPage\":{\"@id\":\"https:\/\/lusocarpi.com\/index.php\/politica-de-qualidade\/#primaryimage\"},\"image\":{\"@id\":\"https:\/\/lusocarpi.com\/index.php\/politica-de-qualidade\/#primaryimage\"},\"thumbnailUrl\":\"https:\/\/lusocarpi.com\/wp-content\/uploads\/2024\/02\/istockphoto-1495953153-2048x2048-1.jpg\",\"datePublished\":\"2024-02-27T15:32:47+00:00\",\"dateModified\":\"2024-02-28T11:32:27+00:00\",\"breadcrumb\":{\"@id\":\"https:\/\/lusocarpi.com\/index.php\/politica-de-qualidade\/#breadcrumb\"},\"inLanguage\":\"pt-PT\",\"potentialAction\":[{\"@type\":\"ReadAction\",\"target\":[\"https:\/\/lusocarpi.com\/index.php\/politica-de-qualidade\/\"]}]},{\"@type\":\"ImageObject\",\"inLanguage\":\"pt-PT\",\"@id\":\"https:\/\/lusocarpi.com\/index.php\/politica-de-qualidade\/#primaryimage\",\"url\":\"https:\/\/lusocarpi.com\/wp-content\/uploads\/2024\/02\/istockphoto-1495953153-2048x2048-1.jpg\",\"contentUrl\":\"https:\/\/lusocarpi.com\/wp-content\/uploads\/2024\/02\/istockphoto-1495953153-2048x2048-1.jpg\",\"width\":2048,\"height\":1367,\"caption\":\"Manual worker working on home renovation process.\"},{\"@type\":\"BreadcrumbList\",\"@id\":\"https:\/\/lusocarpi.com\/index.php\/politica-de-qualidade\/#breadcrumb\",\"itemListElement\":[{\"@type\":\"ListItem\",\"position\":1,\"name\":\"In\u00edcio\",\"item\":\"https:\/\/lusocarpi.com\/\"},{\"@type\":\"ListItem\",\"position\":2,\"name\":\"Politica de Qualidade\"}]},{\"@type\":\"WebSite\",\"@id\":\"https:\/\/lusocarpi.com\/#website\",\"url\":\"https:\/\/lusocarpi.com\/\",\"name\":\"Lusocarpi - Carpintaria\",\"description\":\"Servi\u00e7o de carpintaria integrado para as suas necessidades e imagina\u00e7\u00e3o.\",\"publisher\":{\"@id\":\"https:\/\/lusocarpi.com\/#organization\"},\"potentialAction\":[{\"@type\":\"SearchAction\",\"target\":{\"@type\":\"EntryPoint\",\"urlTemplate\":\"https:\/\/lusocarpi.com\/?s={search_term_string}\"},\"query-input\":\"required name=search_term_string\"}],\"inLanguage\":\"pt-PT\"},{\"@type\":\"Organization\",\"@id\":\"https:\/\/lusocarpi.com\/#organization\",\"name\":\"Lusocarpi\",\"url\":\"https:\/\/lusocarpi.com\/\",\"logo\":{\"@type\":\"ImageObject\",\"inLanguage\":\"pt-PT\",\"@id\":\"https:\/\/lusocarpi.com\/#\/schema\/logo\/image\/\",\"url\":\"https:\/\/lusocarpi.com\/wp-content\/uploads\/2024\/02\/LUSOCARPI_Prancheta-1-1.png\",\"contentUrl\":\"https:\/\/lusocarpi.com\/wp-content\/uploads\/2024\/02\/LUSOCARPI_Prancheta-1-1.png\",\"width\":3508,\"height\":1196,\"caption\":\"Lusocarpi\"},\"image\":{\"@id\":\"https:\/\/lusocarpi.com\/#\/schema\/logo\/image\/\"},\"sameAs\":[\"https:\/\/www.instagram.com\/lusocarpi\/\"]}]}<\/script>\n<!-- \/ Yoast SEO plugin. -->","yoast_head_json":{"title":"Politica de Qualidade - Lusocarpi - Carpintaria","robots":{"index":"index","follow":"follow","max-snippet":"max-snippet:-1","max-image-preview":"max-image-preview:large","max-video-preview":"max-video-preview:-1"},"canonical":"https:\/\/lusocarpi.com\/index.php\/politica-de-qualidade\/","og_locale":"pt_PT","og_type":"article","og_title":"Politica de Qualidade - Lusocarpi - Carpintaria","og_description":"Pol\u00edtica de quALIDADE Na Lusocarpi, estamos comprometidos com a excel\u00eancia em todos os aspectos do nosso neg\u00f3cio. A nossa Pol\u00edtica de Qualidade \u00e9 a base que sustenta a nossa miss\u00e3o de fornecer produtos e servi\u00e7os que superam as expectativas dos nossos clientes, promovendo a sua satisfa\u00e7\u00e3o e confian\u00e7a. Compromisso com a Qualidade Na Lusocarpi, a qualidade n\u00e3o \u00e9 apenas um objetivo; \u00e9 a nossa cultura. Estamos empenhados em fornecer produtos que atendam ou superem os padr\u00f5es mais exigentes da ind\u00fastria. Os nossos processos s\u00e3o constantemente monitorizados e aprimorados para garantir que cada produto que sai das nossas instala\u00e7\u00f5es seja uma","og_url":"https:\/\/lusocarpi.com\/index.php\/politica-de-qualidade\/","og_site_name":"Lusocarpi - Carpintaria","article_modified_time":"2024-02-28T11:32:27+00:00","og_image":[{"url":"https:\/\/lusocarpi.com\/wp-content\/uploads\/2024\/02\/istockphoto-1495953153-2048x2048-1.jpg"}],"twitter_card":"summary_large_image","twitter_misc":{"Tempo estimado de leitura":"2 minutos"},"schema":{"@context":"https:\/\/schema.org","@graph":[{"@type":"WebPage","@id":"https:\/\/lusocarpi.com\/index.php\/politica-de-qualidade\/","url":"https:\/\/lusocarpi.com\/index.php\/politica-de-qualidade\/","name":"Politica de Qualidade - Lusocarpi - Carpintaria","isPartOf":{"@id":"https:\/\/lusocarpi.com\/#website"},"primaryImageOfPage":{"@id":"https:\/\/lusocarpi.com\/index.php\/politica-de-qualidade\/#primaryimage"},"image":{"@id":"https:\/\/lusocarpi.com\/index.php\/politica-de-qualidade\/#primaryimage"},"thumbnailUrl":"https:\/\/lusocarpi.com\/wp-content\/uploads\/2024\/02\/istockphoto-1495953153-2048x2048-1.jpg","datePublished":"2024-02-27T15:32:47+00:00","dateModified":"2024-02-28T11:32:27+00:00","breadcrumb":{"@id":"https:\/\/lusocarpi.com\/index.php\/politica-de-qualidade\/#breadcrumb"},"inLanguage":"pt-PT","potentialAction":[{"@type":"ReadAction","target":["https:\/\/lusocarpi.com\/index.php\/politica-de-qualidade\/"]}]},{"@type":"ImageObject","inLanguage":"pt-PT","@id":"https:\/\/lusocarpi.com\/index.php\/politica-de-qualidade\/#primaryimage","url":"https:\/\/lusocarpi.com\/wp-content\/uploads\/2024\/02\/istockphoto-1495953153-2048x2048-1.jpg","contentUrl":"https:\/\/lusocarpi.com\/wp-content\/uploads\/2024\/02\/istockphoto-1495953153-2048x2048-1.jpg","width":2048,"height":1367,"caption":"Manual worker working on home renovation process."},{"@type":"BreadcrumbList","@id":"https:\/\/lusocarpi.com\/index.php\/politica-de-qualidade\/#breadcrumb","itemListElement":[{"@type":"ListItem","position":1,"name":"In\u00edcio","item":"https:\/\/lusocarpi.com\/"},{"@type":"ListItem","position":2,"name":"Politica de Qualidade"}]},{"@type":"WebSite","@id":"https:\/\/lusocarpi.com\/#website","url":"https:\/\/lusocarpi.com\/","name":"Lusocarpi - Carpintaria","description":"Servi\u00e7o de carpintaria integrado para as suas necessidades e imagina\u00e7\u00e3o.","publisher":{"@id":"https:\/\/lusocarpi.com\/#organization"},"potentialAction":[{"@type":"SearchAction","target":{"@type":"EntryPoint","urlTemplate":"https:\/\/lusocarpi.com\/?s={search_term_string}"},"query-input":"required name=search_term_string"}],"inLanguage":"pt-PT"},{"@type":"Organization","@id":"https:\/\/lusocarpi.com\/#organization","name":"Lusocarpi","url":"https:\/\/lusocarpi.com\/","logo":{"@type":"ImageObject","inLanguage":"pt-PT","@id":"https:\/\/lusocarpi.com\/#\/schema\/logo\/image\/","url":"https:\/\/lusocarpi.com\/wp-content\/uploads\/2024\/02\/LUSOCARPI_Prancheta-1-1.png","contentUrl":"https:\/\/lusocarpi.com\/wp-content\/uploads\/2024\/02\/LUSOCARPI_Prancheta-1-1.png","width":3508,"height":1196,"caption":"Lusocarpi"},"image":{"@id":"https:\/\/lusocarpi.com\/#\/schema\/logo\/image\/"},"sameAs":["https:\/\/www.instagram.com\/lusocarpi\/"]}]}},"uagb_featured_image_src":{"full":false,"thumbnail":false,"medium":false,"medium_large":false,"large":false,"1536x1536":false,"2048x2048":false},"uagb_author_info":{"display_name":"admin","author_link":"https:\/\/lusocarpi.com\/index.php\/author\/admin\/"},"uagb_comment_info":0,"uagb_excerpt":"Pol\u00edtica de quALIDADE Na Lusocarpi, estamos comprometidos com a excel\u00eancia em todos os aspectos do nosso neg\u00f3cio. A nossa Pol\u00edtica de Qualidade \u00e9 a base que sustenta a nossa miss\u00e3o de fornecer produtos e servi\u00e7os que superam as expectativas dos nossos clientes, promovendo a sua satisfa\u00e7\u00e3o e confian\u00e7a. Compromisso com a Qualidade Na Lusocarpi, a&hellip;","_links":{"self":[{"href":"https:\/\/lusocarpi.com\/index.php\/wp-json\/wp\/v2\/pages\/999","targetHints":{"allow":["GET"]}}],"collection":[{"href":"https:\/\/lusocarpi.com\/index.php\/wp-json\/wp\/v2\/pages"}],"about":[{"href":"https:\/\/lusocarpi.com\/index.php\/wp-json\/wp\/v2\/types\/page"}],"author":[{"embeddable":true,"href":"https:\/\/lusocarpi.com\/index.php\/wp-json\/wp\/v2\/users\/1"}],"replies":[{"embeddable":true,"href":"https:\/\/lusocarpi.com\/index.php\/wp-json\/wp\/v2\/comments?post=999"}],"version-history":[{"count":18,"href":"https:\/\/lusocarpi.com\/index.php\/wp-json\/wp\/v2\/pages\/999\/revisions"}],"predecessor-version":[{"id":1028,"href":"https:\/\/lusocarpi.com\/index.php\/wp-json\/wp\/v2\/pages\/999\/revisions\/1028"}],"wp:attachment":[{"href":"https:\/\/lusocarpi.com\/index.php\/wp-json\/wp\/v2\/media?parent=999"}],"curies":[{"name":"wp","href":"https:\/\/api.w.org\/{rel}","templated":true}]}}